{"id":159,"date":"2009-09-17T16:27:35","date_gmt":"2009-09-17T15:27:35","guid":{"rendered":"http:\/\/emdicjoao.wordpress.com\/?page_id=159"},"modified":"2013-03-03T04:16:19","modified_gmt":"2013-03-03T03:16:19","slug":"about","status":"publish","type":"page","link":"https:\/\/www.emdicjoao.com\/?page_id=159","title":{"rendered":"Qui es diu aix\u00ed?"},"content":{"rendered":"<p>Em dic Jo\u00e3o Fran\u00e7a. J, o, a, o i Fran\u00e7a com Fran\u00e7a.<\/p>\n<p>Vaig n\u00e9ixer l&#8217;any 1990 a un hospital que abans es deia Golden Cross i ara es diu Bras\u00edlia. Casualment est\u00e0 a Bras\u00edlia, una ciutat inventada, i jo s\u00f3c de la segona generaci\u00f3 de la ciutat.<\/p>\n<p>Intento acabar el <strong>grau en Humanitats<\/strong> a la Universitat Pompeu Fabra de Barcelona, i dic intento acabar perqu\u00e8 ja me n&#8217;he cansat, per\u00f2 he apres algunes coses interessants, m\u00e9s a l&#8217;<a href=\"http:\/\/humanitatsupf.wordpress.com\/\" target=\"_blank\"><strong>Assemblea d&#8217;Humanitats<\/strong><\/a> que a les aules, per\u00f2 a les aules tamb\u00e9. Ara prefereixo fer coses.<\/p>\n<p>Actualment escric a l&#8217;edici\u00f3 catalana de <strong><a href=\"http:\/\/www.eldiario.es\/\" target=\"_blank\">eldiario.es<\/a>\u00a0<\/strong>des de la seva versi\u00f3 embrion\u00e0ria en forma de blog el setembre del 2012, sobretot temes d&#8217;educaci\u00f3 i moviments socials. Podeu llegir <a href=\"http:\/\/www.eldiario.es\/autores\/joao_franca\/\" target=\"_blank\">aqu\u00ed<\/a>\u00a0quasi tot el que hi he escrit. Algunes coses que m&#8217;agrada recordar:<\/p>\n<ul>\n<li><a href=\"http:\/\/www.eldiario.es\/sociedad\/iaioflautas_yayoflautas_un_ano_de_protestas_15m_0_62643841.html\" target=\"_blank\">Los indignados m\u00e1s veteranos cumplen un a\u00f1o de desobediencia<\/a> (27\/10\/2012)<\/li>\n<li><a href=\"http:\/\/www.eldiario.es\/catalunya\/personas-vulnerables-consigue-partidos-posicionarse_0_68593141.html\" target=\"_blank\">La desobediencia o el arte de conseguir victorias cuando ya no hay superh\u00e9roes<\/a> (13\/11\/2012)<\/li>\n<\/ul>\n<div>Tamb\u00e9 hi he fet llargues entrevistes amb les que he pogut escoltar coses molt interessants, que \u00e9s una cosa que m&#8217;encanta:<\/div>\n<div>\n<ul>\n<li><a href=\"http:\/\/www.eldiario.es\/catalunya\/Entrevista-Ada_Colau-Plataforma_de_Afectados_por_la_Hipoteca-desahucios-ILP_hipotecaria_0_69643131.html\">Ada Colau: &#8220;Si el congreso no aprueba la ILP, no nos quedaremos de brazos cruzados&#8221;<\/a> (16\/11\/2011)<\/li>\n<li><a href=\"http:\/\/www.eldiario.es\/catalunya\/Quim-Arrufat-CUP-nacionalistas-conservadores-independentistas_0_75592449.html\">Quim Arrufat: &#8220;No somos nacionalistas conservadores, sino independentistas pol\u00edticos y de clase&#8221;<\/a> (03\/12\/2012)<\/li>\n<\/ul>\n<\/div>\n<p>Abans vaig fer pr\u00e0ctiques al diari <a href=\"http:\/\/es.wikipedia.org\/wiki\/P%C3%BAblico_%28Espa%C3%B1a%29\" target=\"_blank\"><strong>P\u00fablico<\/strong><\/a> des del juliol del 2011 fins que el van tancar de cop, un divendres de febrer del 2012, mentre jo anava cap a la redacci\u00f3 a acabar un reportatge sobre universitats. Vaig escriure sobre educaci\u00f3, habitatge, manifestacions de tota mena, una mica sobre cultura i ci\u00e8ncia i, durant dues setmanes, fins i tot vaig fer cr\u00f2nica pol\u00edtica. Algunes coses que vaig fer les podeu llegir aqu\u00ed:<\/p>\n<ul>\n<li><a href=\"http:\/\/www.emdicjoao.com\/wp-content\/uploads\/2009\/09\/bous-cr\u00f2nica.pdf\" target=\"_blank\">Bautismo de &#8216;correbous&#8217;<\/a> (24\/07\/2011)<\/li>\n<li><a href=\"http:\/\/www.emdicjoao.com\/wp-content\/uploads\/2009\/09\/stallman.pdf\" target=\"_blank\">Richard Stallman: \u00abApple ha hecho que la gente admire programas que son enemigos\u00a0 de su propia libertad\u00bb<\/a> (1\/11\/2011)<\/li>\n<li><a href=\"http:\/\/www.emdicjoao.com\/wp-content\/uploads\/2009\/09\/bosch-profe.pdf\" target=\"_blank\">L&#8217;aventura d&#8217;un Indiana Jones cap al Congr\u00e9s<\/a> (13\/11\/2011)<\/li>\n<li><a href=\"http:\/\/www.emdicjoao.com\/wp-content\/uploads\/2009\/09\/taxes.pdf\" target=\"_blank\">Universitats: El Govern mantindr\u00e0 l&#8217;actual r\u00e8cord en l&#8217;augment de preus<\/a> (1\/12\/2011)<\/li>\n<li><a href=\"http:\/\/www.emdicjoao.com\/wp-content\/uploads\/2009\/09\/bob-esponja.pdf\" target=\"_blank\">Los secretos de Bob Esponja, el \u00abser m\u00e1s extra\u00f1o del oc\u00e9ano\u00bb<\/a> (11\/12\/2011)<\/li>\n<li><a href=\"http:\/\/www.emdicjoao.com\/wp-content\/uploads\/2009\/09\/tres-mesos-15-O.pdf\" target=\"_blank\">L&#8217;Edifici 15-O \u00e9s una llar tres mesos despr\u00e9s de l&#8217;ocupaci\u00f3<\/a> (23\/01\/2012)<\/li>\n<\/ul>\n<p>Tamb\u00e9 col\u00b7laboro ocasionalment amb <a href=\"http:\/\/www.setmanaridirecta.info\/\" target=\"_blank\"><strong>La Directa<\/strong><\/a>, perqu\u00e8 s\u00f3c un antisistema i em sembla un gran projecte. Sobre temes d&#8217;habitatge:<\/p>\n<ul>\n<li><a href=\"http:\/\/www.emdicjoao.com\/wp-content\/uploads\/2009\/09\/Miralls_Rolnik_264-1.pdf\" target=\"_blank\">Raquel Rolnik: \u00abUn habitatge digne no s\u00f3n quatre parets i un sostre\u00bb<\/a> (07\/03\/2012)<\/li>\n<li><a href=\"http:\/\/www.emdicjoao.com\/wp-content\/uploads\/2012\/12\/any15O.pdf\">Edifici 15-O: un any d&#8217;ocupaci\u00f3 social per superar les dificultats<\/a>\u00a0(17\/10\/2012)<\/li>\n<\/ul>\n<p>Sempre que puc, dedico unes quantes hores a l&#8217;<a href=\"http:\/\/www.observatoriuniversitari.org\/\" target=\"_blank\"><strong>Observatori del Sistema Universitari<\/strong><\/a>. Vaig participar de l&#8217;elaboraci\u00f3 de l&#8217;informe <em><a href=\"http:\/\/www.observatoriuniversitari.org\/blog\/2012\/05\/19\/quant-paga-lestudiant\/\" target=\"_blank\">Quant paga l&#8217;estudiant? Preus i taxes de matr\u00edcula a Catalunya, a Espanya i al m\u00f3n<\/a><\/em> i tamb\u00e9 exerceixo de responsable de comunicaci\u00f3 d&#8217;aquest col\u00b7lectiu.<\/p>\n<p>Abans de tot aix\u00f2, vaig estar obsessionat amb els comics de Marvel, Kurt Cobain, Jim Morrison o Jack Kerouac. Tamb\u00e9 vaig estar molt ficat al <a href=\"http:\/\/www.patatesambsuc.com\/\" target=\"_blank\"><strong>Laboratori Teatral Patates amb Suc<\/strong><\/a>, on, a m\u00e9s de moltes coses fant\u00e0stiques, vaig aprendre a demanar (i rebre!) subvencions. Vaig organitzar molts Polsadors, vaig fer una mica de performance i tamb\u00e9 de pallasso. Algun cop fins i tot em van pagar per fer-ho. Per\u00f2 aix\u00f2 \u00e9s perqu\u00e8 s\u00f3c un tio serio i he fet cursos de clown amb Carlo M\u00f4 i Mr. Di i amb \u00c0lex Navarro i Caroline Dream.<\/p>\n<p>Ara m&#8217;obsessionen les coses desastroses que t\u00e9 la universitat o el fet que la gent es pugui quedar sense casa i amb un deute de per vida, entre altres injust\u00edcies.<\/p>\n","protected":false},"excerpt":{"rendered":"<p>Em dic Jo\u00e3o Fran\u00e7a. J, o, a, o i Fran\u00e7a com Fran\u00e7a. Vaig n\u00e9ixer l&#8217;any 1990 a un hospital que abans es deia Golden Cross i ara es diu Bras\u00edlia. Casualment est\u00e0 a Bras\u00edlia, una ciutat inventada, i jo s\u00f3c de la segona generaci\u00f3 de la ciutat. Intento acabar el grau en Humanitats a la &hellip; <\/p>\n<p class=\"link-more\"><a href=\"https:\/\/www.emdicjoao.com\/?page_id=159\" class=\"more-link\">Continua llegint <span class=\"screen-reader-text\">\u00abQui es diu aix\u00ed?\u00bb<\/span><\/a><\/p>\n","protected":false},"author":1,"featured_media":0,"parent":0,"menu_order":0,"comment_status":"closed","ping_status":"closed","template":"","meta":{"_monsterinsights_skip_tracking":false,"_monsterinsights_sitenote_active":false,"_monsterinsights_sitenote_note":"","_monsterinsights_sitenote_category":0,"footnotes":""},"yoast_head":"<!-- This site is optimized with the Yoast SEO plugin v22.6 - https:\/\/yoast.com\/wordpress\/plugins\/seo\/ -->\n<title>Qui es diu aix\u00ed? - Em dic Jo\u00e3o<\/title>\n<meta name=\"robots\" content=\"index, follow, max-snippet:-1, max-image-preview:large, max-video-preview:-1\" \/>\n<link rel=\"canonical\" href=\"https:\/\/www.emdicjoao.com\/?page_id=159\" \/>\n<meta property=\"og:locale\" content=\"ca_ES\" \/>\n<meta property=\"og:type\" content=\"article\" \/>\n<meta property=\"og:title\" content=\"Qui es diu aix\u00ed? - Em dic Jo\u00e3o\" \/>\n<meta property=\"og:description\" content=\"Em dic Jo\u00e3o Fran\u00e7a. J, o, a, o i Fran\u00e7a com Fran\u00e7a. Vaig n\u00e9ixer l&#8217;any 1990 a un hospital que abans es deia Golden Cross i ara es diu Bras\u00edlia. Casualment est\u00e0 a Bras\u00edlia, una ciutat inventada, i jo s\u00f3c de la segona generaci\u00f3 de la ciutat. Intento acabar el grau en Humanitats a la &hellip; Continua llegint \u00abQui es diu aix\u00ed?\u00bb\" \/>\n<meta property=\"og:url\" content=\"https:\/\/www.emdicjoao.com\/?page_id=159\" \/>\n<meta property=\"og:site_name\" content=\"Em dic Jo\u00e3o\" \/>\n<meta property=\"article:modified_time\" content=\"2013-03-03T03:16:19+00:00\" \/>\n<meta name=\"twitter:card\" content=\"summary_large_image\" \/>\n<meta name=\"twitter:site\" content=\"@jotaemi\" \/>\n<meta name=\"twitter:label1\" content=\"Temps estimat de lectura\" \/>\n\t<meta name=\"twitter:data1\" content=\"3 minuts\" \/>\n<script type=\"application\/ld+json\" class=\"yoast-schema-graph\">{\"@context\":\"https:\/\/schema.org\",\"@graph\":[{\"@type\":\"WebPage\",\"@id\":\"https:\/\/www.emdicjoao.com\/?page_id=159\",\"url\":\"https:\/\/www.emdicjoao.com\/?page_id=159\",\"name\":\"Qui es diu aix\u00ed? - Em dic Jo\u00e3o\",\"isPartOf\":{\"@id\":\"http:\/\/www.emdicjoao.com\/#website\"},\"datePublished\":\"2009-09-17T15:27:35+00:00\",\"dateModified\":\"2013-03-03T03:16:19+00:00\",\"breadcrumb\":{\"@id\":\"https:\/\/www.emdicjoao.com\/?page_id=159#breadcrumb\"},\"inLanguage\":\"ca\",\"potentialAction\":[{\"@type\":\"ReadAction\",\"target\":[\"https:\/\/www.emdicjoao.com\/?page_id=159\"]}]},{\"@type\":\"BreadcrumbList\",\"@id\":\"https:\/\/www.emdicjoao.com\/?page_id=159#breadcrumb\",\"itemListElement\":[{\"@type\":\"ListItem\",\"position\":1,\"name\":\"Inici\",\"item\":\"http:\/\/www.emdicjoao.com\/\"},{\"@type\":\"ListItem\",\"position\":2,\"name\":\"Qui es diu aix\u00ed?\"}]},{\"@type\":\"WebSite\",\"@id\":\"http:\/\/www.emdicjoao.com\/#website\",\"url\":\"http:\/\/www.emdicjoao.com\/\",\"name\":\"Em dic Jo\u00e3o\",\"description\":\"i torno a provar de tenir un blog\",\"potentialAction\":[{\"@type\":\"SearchAction\",\"target\":{\"@type\":\"EntryPoint\",\"urlTemplate\":\"http:\/\/www.emdicjoao.com\/?s={search_term_string}\"},\"query-input\":\"required name=search_term_string\"}],\"inLanguage\":\"ca\"}]}<\/script>\n<!-- \/ Yoast SEO plugin. -->","yoast_head_json":{"title":"Qui es diu aix\u00ed? - Em dic Jo\u00e3o","robots":{"index":"index","follow":"follow","max-snippet":"max-snippet:-1","max-image-preview":"max-image-preview:large","max-video-preview":"max-video-preview:-1"},"canonical":"https:\/\/www.emdicjoao.com\/?page_id=159","og_locale":"ca_ES","og_type":"article","og_title":"Qui es diu aix\u00ed? - Em dic Jo\u00e3o","og_description":"Em dic Jo\u00e3o Fran\u00e7a. J, o, a, o i Fran\u00e7a com Fran\u00e7a. Vaig n\u00e9ixer l&#8217;any 1990 a un hospital que abans es deia Golden Cross i ara es diu Bras\u00edlia. Casualment est\u00e0 a Bras\u00edlia, una ciutat inventada, i jo s\u00f3c de la segona generaci\u00f3 de la ciutat. Intento acabar el grau en Humanitats a la &hellip; Continua llegint \u00abQui es diu aix\u00ed?\u00bb","og_url":"https:\/\/www.emdicjoao.com\/?page_id=159","og_site_name":"Em dic Jo\u00e3o","article_modified_time":"2013-03-03T03:16:19+00:00","twitter_card":"summary_large_image","twitter_site":"@jotaemi","twitter_misc":{"Temps estimat de lectura":"3 minuts"},"schema":{"@context":"https:\/\/schema.org","@graph":[{"@type":"WebPage","@id":"https:\/\/www.emdicjoao.com\/?page_id=159","url":"https:\/\/www.emdicjoao.com\/?page_id=159","name":"Qui es diu aix\u00ed? - Em dic Jo\u00e3o","isPartOf":{"@id":"http:\/\/www.emdicjoao.com\/#website"},"datePublished":"2009-09-17T15:27:35+00:00","dateModified":"2013-03-03T03:16:19+00:00","breadcrumb":{"@id":"https:\/\/www.emdicjoao.com\/?page_id=159#breadcrumb"},"inLanguage":"ca","potentialAction":[{"@type":"ReadAction","target":["https:\/\/www.emdicjoao.com\/?page_id=159"]}]},{"@type":"BreadcrumbList","@id":"https:\/\/www.emdicjoao.com\/?page_id=159#breadcrumb","itemListElement":[{"@type":"ListItem","position":1,"name":"Inici","item":"http:\/\/www.emdicjoao.com\/"},{"@type":"ListItem","position":2,"name":"Qui es diu aix\u00ed?"}]},{"@type":"WebSite","@id":"http:\/\/www.emdicjoao.com\/#website","url":"http:\/\/www.emdicjoao.com\/","name":"Em dic Jo\u00e3o","description":"i torno a provar de tenir un blog","potentialAction":[{"@type":"SearchAction","target":{"@type":"EntryPoint","urlTemplate":"http:\/\/www.emdicjoao.com\/?s={search_term_string}"},"query-input":"required name=search_term_string"}],"inLanguage":"ca"}]}},"_links":{"self":[{"href":"https:\/\/www.emdicjoao.com\/index.php?rest_route=\/wp\/v2\/pages\/159"}],"collection":[{"href":"https:\/\/www.emdicjoao.com\/index.php?rest_route=\/wp\/v2\/pages"}],"about":[{"href":"https:\/\/www.emdicjoao.com\/index.php?rest_route=\/wp\/v2\/types\/page"}],"author":[{"embeddable":true,"href":"https:\/\/www.emdicjoao.com\/index.php?rest_route=\/wp\/v2\/users\/1"}],"replies":[{"embeddable":true,"href":"https:\/\/www.emdicjoao.com\/index.php?rest_route=%2Fwp%2Fv2%2Fcomments&post=159"}],"version-history":[{"count":12,"href":"https:\/\/www.emdicjoao.com\/index.php?rest_route=\/wp\/v2\/pages\/159\/revisions"}],"predecessor-version":[{"id":565,"href":"https:\/\/www.emdicjoao.com\/index.php?rest_route=\/wp\/v2\/pages\/159\/revisions\/565"}],"wp:attachment":[{"href":"https:\/\/www.emdicjoao.com\/index.php?rest_route=%2Fwp%2Fv2%2Fmedia&parent=159"}],"curies":[{"name":"wp","href":"https:\/\/api.w.org\/{rel}","templated":true}]}}